{"id":203,"date":"2021-09-20T18:11:53","date_gmt":"2021-09-20T18:11:53","guid":{"rendered":"https:\/\/reseaumarpbf.net\/?page_id=203"},"modified":"2024-12-23T11:13:18","modified_gmt":"2024-12-23T11:13:18","slug":"videos","status":"publish","type":"page","link":"https:\/\/reseaumarpbf.net\/?page_id=203","title":{"rendered":"Vid\u00e9os"},"content":{"rendered":"<p><iframe loading=\"lazy\" title=\"2019 Land for Life Award winner Mathieu Ouedraogo\/Burkina Faso\" width=\"1200\" height=\"675\" src=\"https:\/\/www.youtube.com\/embed\/9uhB8kTXtJo?feature=oembed\" frameborder=\"0\" allow=\"accelerometer; autoplay; clipboard-write; encrypted-media; gyroscope; picture-in-picture; web-share\" referrerpolicy=\"strict-origin-when-cross-origin\" allowfullscreen><\/iframe><\/p>\n<div style=\"width: 856px;\" class=\"wp-video\"><video class=\"wp-video-shortcode\" id=\"video-203-1\" width=\"856\" height=\"480\" preload=\"metadata\" controls=\"controls\"><source type=\"video\/mp4\" src=\"https:\/\/reseaumarpbf.net\/wp-content\/uploads\/2024\/12\/1.-Cap_Technique-_Plantation-manguiers_Reo.mp4?_=1\" \/><a href=\"https:\/\/reseaumarpbf.net\/wp-content\/uploads\/2024\/12\/1.-Cap_Technique-_Plantation-manguiers_Reo.mp4\">https:\/\/reseaumarpbf.net\/wp-content\/uploads\/2024\/12\/1.-Cap_Technique-_Plantation-manguiers_Reo.mp4<\/a><\/video><\/div>\n<div class=\"wp-playlist wp-video-playlist wp-playlist-light\">\n\t\t<video controls=\"controls\" preload=\"none\" width=\"1178\"\n\t\t height=\"661\"\t><\/video>\n\t<div class=\"wp-playlist-next\"><\/div>\n\t<div class=\"wp-playlist-prev\"><\/div>\n\t<noscript>\n\t<ol>\n\t\t<li><a href='https:\/\/reseaumarpbf.net\/wp-content\/uploads\/2024\/12\/2.-Cap_Production_pepiniere_-gestion-raisonnee_allocation-de-leau-agricole.mp4'>_Production_p\u00e9pini\u00e8re_ gestion raisonn\u00e9e_allocation de l\u2019eau agricole<\/a><\/li>\t<\/ol>\n\t<\/noscript>\n\t<script type=\"application\/json\" class=\"wp-playlist-script\">{\"type\":\"video\",\"tracklist\":true,\"tracknumbers\":true,\"images\":true,\"artists\":true,\"tracks\":[{\"src\":\"https:\/\/reseaumarpbf.net\/wp-content\/uploads\/2024\/12\/2.-Cap_Production_pepiniere_-gestion-raisonnee_allocation-de-leau-agricole.mp4\",\"type\":\"video\/mp4\",\"title\":\"_Production_p\\u00e9pini\\u00e8re_ gestion raisonn\\u00e9e_allocation de l\\u2019eau agricole\",\"caption\":\"\",\"description\":\"Innovation pour la production de l'oignon en saison hivernale\",\"meta\":{\"length_formatted\":\"2:10\"},\"dimensions\":{\"original\":{\"width\":856,\"height\":480},\"resized\":{\"width\":1178,\"height\":661}},\"image\":{\"src\":\"https:\/\/reseaumarpbf.net\/wp-includes\/images\/media\/video.svg\",\"width\":48,\"height\":64},\"thumb\":{\"src\":\"https:\/\/reseaumarpbf.net\/wp-includes\/images\/media\/video.svg\",\"width\":48,\"height\":64}}]}<\/script>\n<\/div>\n\t\n","protected":false},"excerpt":{"rendered":"","protected":false},"author":1,"featured_media":0,"parent":0,"menu_order":0,"comment_status":"closed","ping_status":"closed","template":"","meta":{"footnotes":""},"class_list":["post-203","page","type-page","status-publish","hentry"],"yoast_head":"<!-- This site is optimized with the Yoast SEO plugin v24.9 - https:\/\/yoast.com\/wordpress\/plugins\/seo\/ -->\n<title>Vid\u00e9os - RESEAU MARP Burkina<\/title>\n<meta name=\"robots\" content=\"index, follow, max-snippet:-1, max-image-preview:large, max-video-preview:-1\" \/>\n<link rel=\"canonical\" href=\"https:\/\/reseaumarpbf.net\/?page_id=203\" \/>\n<meta property=\"og:locale\" content=\"fr_FR\" \/>\n<meta property=\"og:type\" content=\"article\" \/>\n<meta property=\"og:title\" content=\"Vid\u00e9os - RESEAU MARP Burkina\" \/>\n<meta property=\"og:url\" content=\"https:\/\/reseaumarpbf.net\/?page_id=203\" \/>\n<meta property=\"og:site_name\" content=\"RESEAU MARP Burkina\" \/>\n<meta property=\"article:modified_time\" content=\"2024-12-23T11:13:18+00:00\" \/>\n<meta name=\"twitter:label1\" content=\"Dur\u00e9e de lecture estim\u00e9e\" \/>\n\t<meta name=\"twitter:data1\" content=\"1 minute\" \/>\n<script type=\"application\/ld+json\" class=\"yoast-schema-graph\">{\"@context\":\"https:\/\/schema.org\",\"@graph\":[{\"@type\":\"WebPage\",\"@id\":\"https:\/\/reseaumarpbf.net\/?page_id=203\",\"url\":\"https:\/\/reseaumarpbf.net\/?page_id=203\",\"name\":\"Vid\u00e9os - RESEAU MARP Burkina\",\"isPartOf\":{\"@id\":\"https:\/\/reseaumarpbf.net\/#website\"},\"datePublished\":\"2021-09-20T18:11:53+00:00\",\"dateModified\":\"2024-12-23T11:13:18+00:00\",\"inLanguage\":\"fr-FR\",\"potentialAction\":[{\"@type\":\"ReadAction\",\"target\":[\"https:\/\/reseaumarpbf.net\/?page_id=203\"]}]},{\"@type\":\"WebSite\",\"@id\":\"https:\/\/reseaumarpbf.net\/#website\",\"url\":\"https:\/\/reseaumarpbf.net\/\",\"name\":\"RESEAU MARP Burkina\",\"description\":\"\",\"potentialAction\":[{\"@type\":\"SearchAction\",\"target\":{\"@type\":\"EntryPoint\",\"urlTemplate\":\"https:\/\/reseaumarpbf.net\/?s={search_term_string}\"},\"query-input\":{\"@type\":\"PropertyValueSpecification\",\"valueRequired\":true,\"valueName\":\"search_term_string\"}}],\"inLanguage\":\"fr-FR\"}]}<\/script>\n<!-- \/ Yoast SEO plugin. -->","yoast_head_json":{"title":"Vid\u00e9os - RESEAU MARP Burkina","robots":{"index":"index","follow":"follow","max-snippet":"max-snippet:-1","max-image-preview":"max-image-preview:large","max-video-preview":"max-video-preview:-1"},"canonical":"https:\/\/reseaumarpbf.net\/?page_id=203","og_locale":"fr_FR","og_type":"article","og_title":"Vid\u00e9os - RESEAU MARP Burkina","og_url":"https:\/\/reseaumarpbf.net\/?page_id=203","og_site_name":"RESEAU MARP Burkina","article_modified_time":"2024-12-23T11:13:18+00:00","twitter_misc":{"Dur\u00e9e de lecture estim\u00e9e":"1 minute"},"schema":{"@context":"https:\/\/schema.org","@graph":[{"@type":"WebPage","@id":"https:\/\/reseaumarpbf.net\/?page_id=203","url":"https:\/\/reseaumarpbf.net\/?page_id=203","name":"Vid\u00e9os - RESEAU MARP Burkina","isPartOf":{"@id":"https:\/\/reseaumarpbf.net\/#website"},"datePublished":"2021-09-20T18:11:53+00:00","dateModified":"2024-12-23T11:13:18+00:00","inLanguage":"fr-FR","potentialAction":[{"@type":"ReadAction","target":["https:\/\/reseaumarpbf.net\/?page_id=203"]}]},{"@type":"WebSite","@id":"https:\/\/reseaumarpbf.net\/#website","url":"https:\/\/reseaumarpbf.net\/","name":"RESEAU MARP Burkina","description":"","potentialAction":[{"@type":"SearchAction","target":{"@type":"EntryPoint","urlTemplate":"https:\/\/reseaumarpbf.net\/?s={search_term_string}"},"query-input":{"@type":"PropertyValueSpecification","valueRequired":true,"valueName":"search_term_string"}}],"inLanguage":"fr-FR"}]}},"_links":{"self":[{"href":"https:\/\/reseaumarpbf.net\/index.php?rest_route=\/wp\/v2\/pages\/203","targetHints":{"allow":["GET"]}}],"collection":[{"href":"https:\/\/reseaumarpbf.net\/index.php?rest_route=\/wp\/v2\/pages"}],"about":[{"href":"https:\/\/reseaumarpbf.net\/index.php?rest_route=\/wp\/v2\/types\/page"}],"author":[{"embeddable":true,"href":"https:\/\/reseaumarpbf.net\/index.php?rest_route=\/wp\/v2\/users\/1"}],"replies":[{"embeddable":true,"href":"https:\/\/reseaumarpbf.net\/index.php?rest_route=%2Fwp%2Fv2%2Fcomments&post=203"}],"version-history":[{"count":4,"href":"https:\/\/reseaumarpbf.net\/index.php?rest_route=\/wp\/v2\/pages\/203\/revisions"}],"predecessor-version":[{"id":379,"href":"https:\/\/reseaumarpbf.net\/index.php?rest_route=\/wp\/v2\/pages\/203\/revisions\/379"}],"wp:attachment":[{"href":"https:\/\/reseaumarpbf.net\/index.php?rest_route=%2Fwp%2Fv2%2Fmedia&parent=203"}],"curies":[{"name":"wp","href":"https:\/\/api.w.org\/{rel}","templated":true}]}}