{"id":212,"date":"2021-09-20T18:16:23","date_gmt":"2021-09-20T18:16:23","guid":{"rendered":"https:\/\/reseaumarpbf.net\/?page_id=212"},"modified":"2022-03-02T11:13:46","modified_gmt":"2022-03-02T11:13:46","slug":"bureau-executif","status":"publish","type":"page","link":"https:\/\/reseaumarpbf.net\/?page_id=212","title":{"rendered":"Bureau ex\u00e9cutif"},"content":{"rendered":"<table width=\"633\">\n<tbody>\n<tr>\n<td width=\"37\"><strong>N\u00b0<\/strong><\/td>\n<td width=\"227\"><strong>Poste<\/strong><\/td>\n<td width=\"265\"><strong>Nom et pr\u00e9nom(s)<\/strong><\/td>\n<td width=\"104\"><strong>Contact<\/strong><\/td>\n<\/tr>\n<tr>\n<td width=\"37\">1<\/td>\n<td width=\"227\">Pr\u00e9sident<\/td>\n<td width=\"265\">SAWADOGO Issiaka<\/td>\n<td width=\"104\">70 20 74 36<\/td>\n<\/tr>\n<tr>\n<td width=\"37\">2<\/td>\n<td width=\"227\">Secr\u00e9taire G\u00e9n\u00e9ral<\/td>\n<td width=\"265\">OUEDRAOGO Nimbrata Julien<\/td>\n<td width=\"104\">70 32 57 79<\/td>\n<\/tr>\n<tr>\n<td width=\"37\">3<\/td>\n<td width=\"227\">Tr\u00e9sorier<\/td>\n<td width=\"265\">OUEDRAOGO Sa\u00efdou<\/td>\n<td width=\"104\">70 25 11 35<\/td>\n<\/tr>\n<tr>\n<td width=\"37\">4<\/td>\n<td width=\"227\">Secr\u00e9taire \u00e0 l\u2019organisation et \u00e0 l\u2019information<\/td>\n<td width=\"265\">VOKOUMA\/OUEDRAOGO Antoinette<\/td>\n<td width=\"104\"><\/td>\n<\/tr>\n<tr>\n<td width=\"37\">5<\/td>\n<td width=\"227\">Secr\u00e9taire charg\u00e9 de la promotion du Genre<\/td>\n<td width=\"265\">Docteur BAMBARA\/COMPAORE Nad\u00e8ge<\/td>\n<td width=\"104\">70 52 23 09<\/td>\n<\/tr>\n<tr>\n<td width=\"37\">6<\/td>\n<td width=\"227\">Secr\u00e9taire charg\u00e9 de la recherche et de la formation<\/td>\n<td width=\"265\">Professeur TAONDA Jean Baptiste<\/td>\n<td width=\"104\">70 26 22 44<\/td>\n<\/tr>\n<tr>\n<td width=\"37\">7<\/td>\n<td width=\"227\">Secr\u00e9taire charg\u00e9 de la capitalisation et de la diffusion<\/td>\n<td width=\"265\">BELEMVIRE Adama<\/td>\n<td width=\"104\">70 25 45 53<\/td>\n<\/tr>\n<\/tbody>\n<\/table>\n","protected":false},"excerpt":{"rendered":"<p>N\u00b0 Poste Nom et pr\u00e9nom(s) Contact 1 Pr\u00e9sident SAWADOGO Issiaka 70 20 74 36 2 Secr\u00e9taire G\u00e9n\u00e9ral OUEDRAOGO Nimbrata Julien &hellip; <\/p>\n","protected":false},"author":1,"featured_media":0,"parent":0,"menu_order":0,"comment_status":"closed","ping_status":"closed","template":"","meta":{"footnotes":""},"class_list":["post-212","page","type-page","status-publish","hentry"],"yoast_head":"<!-- This site is optimized with the Yoast SEO plugin v24.9 - https:\/\/yoast.com\/wordpress\/plugins\/seo\/ -->\n<title>Bureau ex\u00e9cutif - RESEAU MARP Burkina<\/title>\n<meta name=\"robots\" content=\"index, follow, max-snippet:-1, max-image-preview:large, max-video-preview:-1\" \/>\n<link rel=\"canonical\" href=\"https:\/\/reseaumarpbf.net\/?page_id=212\" \/>\n<meta property=\"og:locale\" content=\"fr_FR\" \/>\n<meta property=\"og:type\" content=\"article\" \/>\n<meta property=\"og:title\" content=\"Bureau ex\u00e9cutif - RESEAU MARP Burkina\" \/>\n<meta property=\"og:description\" content=\"N\u00b0 Poste Nom et pr\u00e9nom(s) Contact 1 Pr\u00e9sident SAWADOGO Issiaka 70 20 74 36 2 Secr\u00e9taire G\u00e9n\u00e9ral OUEDRAOGO Nimbrata Julien &hellip;\" \/>\n<meta property=\"og:url\" content=\"https:\/\/reseaumarpbf.net\/?page_id=212\" \/>\n<meta property=\"og:site_name\" content=\"RESEAU MARP Burkina\" \/>\n<meta property=\"article:modified_time\" content=\"2022-03-02T11:13:46+00:00\" \/>\n<meta name=\"twitter:label1\" content=\"Dur\u00e9e de lecture estim\u00e9e\" \/>\n\t<meta name=\"twitter:data1\" content=\"1 minute\" \/>\n<script type=\"application\/ld+json\" class=\"yoast-schema-graph\">{\"@context\":\"https:\/\/schema.org\",\"@graph\":[{\"@type\":\"WebPage\",\"@id\":\"https:\/\/reseaumarpbf.net\/?page_id=212\",\"url\":\"https:\/\/reseaumarpbf.net\/?page_id=212\",\"name\":\"Bureau ex\u00e9cutif - RESEAU MARP Burkina\",\"isPartOf\":{\"@id\":\"https:\/\/reseaumarpbf.net\/#website\"},\"datePublished\":\"2021-09-20T18:16:23+00:00\",\"dateModified\":\"2022-03-02T11:13:46+00:00\",\"inLanguage\":\"fr-FR\",\"potentialAction\":[{\"@type\":\"ReadAction\",\"target\":[\"https:\/\/reseaumarpbf.net\/?page_id=212\"]}]},{\"@type\":\"WebSite\",\"@id\":\"https:\/\/reseaumarpbf.net\/#website\",\"url\":\"https:\/\/reseaumarpbf.net\/\",\"name\":\"RESEAU MARP Burkina\",\"description\":\"\",\"potentialAction\":[{\"@type\":\"SearchAction\",\"target\":{\"@type\":\"EntryPoint\",\"urlTemplate\":\"https:\/\/reseaumarpbf.net\/?s={search_term_string}\"},\"query-input\":{\"@type\":\"PropertyValueSpecification\",\"valueRequired\":true,\"valueName\":\"search_term_string\"}}],\"inLanguage\":\"fr-FR\"}]}<\/script>\n<!-- \/ Yoast SEO plugin. -->","yoast_head_json":{"title":"Bureau ex\u00e9cutif - RESEAU MARP Burkina","robots":{"index":"index","follow":"follow","max-snippet":"max-snippet:-1","max-image-preview":"max-image-preview:large","max-video-preview":"max-video-preview:-1"},"canonical":"https:\/\/reseaumarpbf.net\/?page_id=212","og_locale":"fr_FR","og_type":"article","og_title":"Bureau ex\u00e9cutif - RESEAU MARP Burkina","og_description":"N\u00b0 Poste Nom et pr\u00e9nom(s) Contact 1 Pr\u00e9sident SAWADOGO Issiaka 70 20 74 36 2 Secr\u00e9taire G\u00e9n\u00e9ral OUEDRAOGO Nimbrata Julien &hellip;","og_url":"https:\/\/reseaumarpbf.net\/?page_id=212","og_site_name":"RESEAU MARP Burkina","article_modified_time":"2022-03-02T11:13:46+00:00","twitter_misc":{"Dur\u00e9e de lecture estim\u00e9e":"1 minute"},"schema":{"@context":"https:\/\/schema.org","@graph":[{"@type":"WebPage","@id":"https:\/\/reseaumarpbf.net\/?page_id=212","url":"https:\/\/reseaumarpbf.net\/?page_id=212","name":"Bureau ex\u00e9cutif - RESEAU MARP Burkina","isPartOf":{"@id":"https:\/\/reseaumarpbf.net\/#website"},"datePublished":"2021-09-20T18:16:23+00:00","dateModified":"2022-03-02T11:13:46+00:00","inLanguage":"fr-FR","potentialAction":[{"@type":"ReadAction","target":["https:\/\/reseaumarpbf.net\/?page_id=212"]}]},{"@type":"WebSite","@id":"https:\/\/reseaumarpbf.net\/#website","url":"https:\/\/reseaumarpbf.net\/","name":"RESEAU MARP Burkina","description":"","potentialAction":[{"@type":"SearchAction","target":{"@type":"EntryPoint","urlTemplate":"https:\/\/reseaumarpbf.net\/?s={search_term_string}"},"query-input":{"@type":"PropertyValueSpecification","valueRequired":true,"valueName":"search_term_string"}}],"inLanguage":"fr-FR"}]}},"_links":{"self":[{"href":"https:\/\/reseaumarpbf.net\/index.php?rest_route=\/wp\/v2\/pages\/212","targetHints":{"allow":["GET"]}}],"collection":[{"href":"https:\/\/reseaumarpbf.net\/index.php?rest_route=\/wp\/v2\/pages"}],"about":[{"href":"https:\/\/reseaumarpbf.net\/index.php?rest_route=\/wp\/v2\/types\/page"}],"author":[{"embeddable":true,"href":"https:\/\/reseaumarpbf.net\/index.php?rest_route=\/wp\/v2\/users\/1"}],"replies":[{"embeddable":true,"href":"https:\/\/reseaumarpbf.net\/index.php?rest_route=%2Fwp%2Fv2%2Fcomments&post=212"}],"version-history":[{"count":3,"href":"https:\/\/reseaumarpbf.net\/index.php?rest_route=\/wp\/v2\/pages\/212\/revisions"}],"predecessor-version":[{"id":281,"href":"https:\/\/reseaumarpbf.net\/index.php?rest_route=\/wp\/v2\/pages\/212\/revisions\/281"}],"wp:attachment":[{"href":"https:\/\/reseaumarpbf.net\/index.php?rest_route=%2Fwp%2Fv2%2Fmedia&parent=212"}],"curies":[{"name":"wp","href":"https:\/\/api.w.org\/{rel}","templated":true}]}}