{"id":404,"date":"2025-11-10T12:19:20","date_gmt":"2025-11-10T12:19:20","guid":{"rendered":"https:\/\/reseaumarpbf.net\/?page_id=404"},"modified":"2025-11-11T22:04:09","modified_gmt":"2025-11-11T22:04:09","slug":"projets-en-cours-de-realisation","status":"publish","type":"page","link":"https:\/\/reseaumarpbf.net\/?page_id=404","title":{"rendered":"Projets en cours de r\u00e9alisation"},"content":{"rendered":"<p><a href=\"https:\/\/reseaumarpbf.net\/wp-content\/uploads\/2025\/11\/FaReNe_Rapport-annuel-dactivites-2023.2024.pdf\">FaReNe_Rapport annuel d&rsquo;activit\u00e9s 2022.2023<\/a><\/p>\n<p><a href=\"https:\/\/reseaumarpbf.net\/wp-content\/uploads\/2025\/11\/FaReNe_Rapport-annuel-dactivites-2023.2024.pdf\">FaReNe_Rapport annuel d&rsquo;activit\u00e9s 2023.2024<\/a><\/p>\n<p><a href=\"https:\/\/reseaumarpbf.net\/wp-content\/uploads\/2025\/11\/FaReNe_Rapport-annuel-dactivites-2024.2025.pdf\">FaReNe_Rapport annuel d&rsquo;activit\u00e9s 2024.2025<\/a><\/p>\n<p><a href=\"https:\/\/reseaumarpbf.net\/wp-content\/uploads\/2025\/11\/ProliGeaFasa_Rapport-annuel-dactivites-2023.2024.pdf\">ProliGeaFasa_Rapport annuel d&rsquo;activit\u00e9s 2023.2024<\/a><\/p>\n<p><a href=\"https:\/\/reseaumarpbf.net\/wp-content\/uploads\/2025\/11\/ProliGEAFaSa_Rapport-annuel-activites-2024.2025.pdf\">ProliGeaFasa_Rapport annuel d&rsquo;activit\u00e9s 2024.2025<\/a><\/p>\n","protected":false},"excerpt":{"rendered":"<p>FaReNe_Rapport annuel d&rsquo;activit\u00e9s 2022.2023 FaReNe_Rapport annuel d&rsquo;activit\u00e9s 2023.2024 FaReNe_Rapport annuel d&rsquo;activit\u00e9s 2024.2025 ProliGeaFasa_Rapport annuel d&rsquo;activit\u00e9s 2023.2024 ProliGeaFasa_Rapport annuel d&rsquo;activit\u00e9s 2024.2025<\/p>\n","protected":false},"author":1,"featured_media":0,"parent":0,"menu_order":0,"comment_status":"closed","ping_status":"closed","template":"","meta":{"footnotes":""},"class_list":["post-404","page","type-page","status-publish","hentry"],"yoast_head":"<!-- This site is optimized with the Yoast SEO plugin v24.9 - https:\/\/yoast.com\/wordpress\/plugins\/seo\/ -->\n<title>Projets en cours de r\u00e9alisation - RESEAU MARP Burkina<\/title>\n<meta name=\"robots\" content=\"index, follow, max-snippet:-1, max-image-preview:large, max-video-preview:-1\" \/>\n<link rel=\"canonical\" href=\"https:\/\/reseaumarpbf.net\/?page_id=404\" \/>\n<meta property=\"og:locale\" content=\"fr_FR\" \/>\n<meta property=\"og:type\" content=\"article\" \/>\n<meta property=\"og:title\" content=\"Projets en cours de r\u00e9alisation - RESEAU MARP Burkina\" \/>\n<meta property=\"og:description\" content=\"FaReNe_Rapport annuel d&rsquo;activit\u00e9s 2022.2023 FaReNe_Rapport annuel d&rsquo;activit\u00e9s 2023.2024 FaReNe_Rapport annuel d&rsquo;activit\u00e9s 2024.2025 ProliGeaFasa_Rapport annuel d&rsquo;activit\u00e9s 2023.2024 ProliGeaFasa_Rapport annuel d&rsquo;activit\u00e9s 2024.2025\" \/>\n<meta property=\"og:url\" content=\"https:\/\/reseaumarpbf.net\/?page_id=404\" \/>\n<meta property=\"og:site_name\" content=\"RESEAU MARP Burkina\" \/>\n<meta property=\"article:modified_time\" content=\"2025-11-11T22:04:09+00:00\" \/>\n<meta name=\"twitter:label1\" content=\"Dur\u00e9e de lecture estim\u00e9e\" \/>\n\t<meta name=\"twitter:data1\" content=\"1 minute\" \/>\n<script type=\"application\/ld+json\" class=\"yoast-schema-graph\">{\"@context\":\"https:\/\/schema.org\",\"@graph\":[{\"@type\":\"WebPage\",\"@id\":\"https:\/\/reseaumarpbf.net\/?page_id=404\",\"url\":\"https:\/\/reseaumarpbf.net\/?page_id=404\",\"name\":\"Projets en cours de r\u00e9alisation - RESEAU MARP Burkina\",\"isPartOf\":{\"@id\":\"https:\/\/reseaumarpbf.net\/#website\"},\"datePublished\":\"2025-11-10T12:19:20+00:00\",\"dateModified\":\"2025-11-11T22:04:09+00:00\",\"inLanguage\":\"fr-FR\",\"potentialAction\":[{\"@type\":\"ReadAction\",\"target\":[\"https:\/\/reseaumarpbf.net\/?page_id=404\"]}]},{\"@type\":\"WebSite\",\"@id\":\"https:\/\/reseaumarpbf.net\/#website\",\"url\":\"https:\/\/reseaumarpbf.net\/\",\"name\":\"RESEAU MARP Burkina\",\"description\":\"\",\"potentialAction\":[{\"@type\":\"SearchAction\",\"target\":{\"@type\":\"EntryPoint\",\"urlTemplate\":\"https:\/\/reseaumarpbf.net\/?s={search_term_string}\"},\"query-input\":{\"@type\":\"PropertyValueSpecification\",\"valueRequired\":true,\"valueName\":\"search_term_string\"}}],\"inLanguage\":\"fr-FR\"}]}<\/script>\n<!-- \/ Yoast SEO plugin. -->","yoast_head_json":{"title":"Projets en cours de r\u00e9alisation - RESEAU MARP Burkina","robots":{"index":"index","follow":"follow","max-snippet":"max-snippet:-1","max-image-preview":"max-image-preview:large","max-video-preview":"max-video-preview:-1"},"canonical":"https:\/\/reseaumarpbf.net\/?page_id=404","og_locale":"fr_FR","og_type":"article","og_title":"Projets en cours de r\u00e9alisation - RESEAU MARP Burkina","og_description":"FaReNe_Rapport annuel d&rsquo;activit\u00e9s 2022.2023 FaReNe_Rapport annuel d&rsquo;activit\u00e9s 2023.2024 FaReNe_Rapport annuel d&rsquo;activit\u00e9s 2024.2025 ProliGeaFasa_Rapport annuel d&rsquo;activit\u00e9s 2023.2024 ProliGeaFasa_Rapport annuel d&rsquo;activit\u00e9s 2024.2025","og_url":"https:\/\/reseaumarpbf.net\/?page_id=404","og_site_name":"RESEAU MARP Burkina","article_modified_time":"2025-11-11T22:04:09+00:00","twitter_misc":{"Dur\u00e9e de lecture estim\u00e9e":"1 minute"},"schema":{"@context":"https:\/\/schema.org","@graph":[{"@type":"WebPage","@id":"https:\/\/reseaumarpbf.net\/?page_id=404","url":"https:\/\/reseaumarpbf.net\/?page_id=404","name":"Projets en cours de r\u00e9alisation - RESEAU MARP Burkina","isPartOf":{"@id":"https:\/\/reseaumarpbf.net\/#website"},"datePublished":"2025-11-10T12:19:20+00:00","dateModified":"2025-11-11T22:04:09+00:00","inLanguage":"fr-FR","potentialAction":[{"@type":"ReadAction","target":["https:\/\/reseaumarpbf.net\/?page_id=404"]}]},{"@type":"WebSite","@id":"https:\/\/reseaumarpbf.net\/#website","url":"https:\/\/reseaumarpbf.net\/","name":"RESEAU MARP Burkina","description":"","potentialAction":[{"@type":"SearchAction","target":{"@type":"EntryPoint","urlTemplate":"https:\/\/reseaumarpbf.net\/?s={search_term_string}"},"query-input":{"@type":"PropertyValueSpecification","valueRequired":true,"valueName":"search_term_string"}}],"inLanguage":"fr-FR"}]}},"_links":{"self":[{"href":"https:\/\/reseaumarpbf.net\/index.php?rest_route=\/wp\/v2\/pages\/404","targetHints":{"allow":["GET"]}}],"collection":[{"href":"https:\/\/reseaumarpbf.net\/index.php?rest_route=\/wp\/v2\/pages"}],"about":[{"href":"https:\/\/reseaumarpbf.net\/index.php?rest_route=\/wp\/v2\/types\/page"}],"author":[{"embeddable":true,"href":"https:\/\/reseaumarpbf.net\/index.php?rest_route=\/wp\/v2\/users\/1"}],"replies":[{"embeddable":true,"href":"https:\/\/reseaumarpbf.net\/index.php?rest_route=%2Fwp%2Fv2%2Fcomments&post=404"}],"version-history":[{"count":12,"href":"https:\/\/reseaumarpbf.net\/index.php?rest_route=\/wp\/v2\/pages\/404\/revisions"}],"predecessor-version":[{"id":430,"href":"https:\/\/reseaumarpbf.net\/index.php?rest_route=\/wp\/v2\/pages\/404\/revisions\/430"}],"wp:attachment":[{"href":"https:\/\/reseaumarpbf.net\/index.php?rest_route=%2Fwp%2Fv2%2Fmedia&parent=404"}],"curies":[{"name":"wp","href":"https:\/\/api.w.org\/{rel}","templated":true}]}}