{"id":56,"date":"2021-09-17T11:46:18","date_gmt":"2021-09-17T10:46:18","guid":{"rendered":"https:\/\/reseaumarpbf.net\/?page_id=56"},"modified":"2022-03-08T00:56:42","modified_gmt":"2022-03-08T00:56:42","slug":"historique","status":"publish","type":"page","link":"https:\/\/reseaumarpbf.net\/?page_id=56","title":{"rendered":"Historique"},"content":{"rendered":"<p><span style=\"text-align: justify; font-size: 1.125rem;\">Le R\u00e9seau pour le d\u00e9veloppement et la promotion des M\u00e9thodes Actives de Recherche et de Planification participative au Burkina Faso (R\u00e9seau MARP- Burkina) est une Organisation la\u00efque et apolitique. Il s&rsquo;interdit toute activit\u00e9 ill\u00e9gale, de nature \u00e0 troubler l&rsquo;ordre, la moralit\u00e9 ou la paix publique ; <\/span><span style=\"text-align: justify; font-size: 1.125rem;\">il rejette toute forme de discrimination, d&rsquo;organisation subversive et toute activit\u00e9 bas\u00e9e sur une cause ou un objet illicite.<\/span><span style=\"text-align: justify; font-size: 1.125rem;\">\u00a0<\/span><\/p>\n<p><strong>Historique<\/strong>:<\/p>\n<ul>\n<li><strong style=\"font-size: 1.125rem;\">F\u00e9vrier 1992 <\/strong><span style=\"font-size: 1.125rem;\">: Regroupement de personnes-ressources en r\u00e9seau informel pour\u00a0 promouvoir les Approches Participatives.<\/span><\/li>\n<li><strong>Janvier 1998\u00a0<\/strong>: Formalisation de la structure en Association reconnue officiellement sous le r\u00e9c\u00e9piss\u00e9 N\u00b0 98-148\/MATS\/SG\/DGAT\/DLPAJ du 6 mai 1998<\/li>\n<li><strong>26 juillet 2007<\/strong> : Enregistrement \u00e0 la Direction G\u00e9n\u00e9rale du Suivi des ONG sous la convention n\u00b0 552 du 26\/07\/07<\/li>\n<li><strong>17 f\u00e9vrier 2017 <\/strong>: Obtention du nouveau r\u00e9c\u00e9piss\u00e9 N\u00b0 N00000092901\u00a0 (Nouvelle immatriculation des associations au Burkina Faso) conform\u00e9ment \u00e0 la loi n\u00b0 064\/2015 \/ CNT du 20 octobre 2015 portant libert\u00e9 d&rsquo;association.<\/li>\n<li><strong>27 mars 2021<\/strong> : Changement \u00e0 la pr\u00e9sidence de l&rsquo;Association avec le d\u00e9part de Monsieur Mathieu M. OUEDRAOGO et l&rsquo;\u00e9lection de Monsieur Issiaka SAWADOGO comme Pr\u00e9sident.<\/li>\n<\/ul>\n","protected":false},"excerpt":{"rendered":"<p>Le R\u00e9seau pour le d\u00e9veloppement et la promotion des M\u00e9thodes Actives de Recherche et de Planification participative au Burkina Faso &hellip; <\/p>\n","protected":false},"author":1,"featured_media":0,"parent":0,"menu_order":0,"comment_status":"closed","ping_status":"closed","template":"","meta":{"footnotes":""},"class_list":["post-56","page","type-page","status-publish","hentry"],"yoast_head":"<!-- This site is optimized with the Yoast SEO plugin v24.9 - https:\/\/yoast.com\/wordpress\/plugins\/seo\/ -->\n<title>Historique - RESEAU MARP Burkina<\/title>\n<meta name=\"robots\" content=\"index, follow, max-snippet:-1, max-image-preview:large, max-video-preview:-1\" \/>\n<link rel=\"canonical\" href=\"https:\/\/reseaumarpbf.net\/?page_id=56\" \/>\n<meta property=\"og:locale\" content=\"fr_FR\" \/>\n<meta property=\"og:type\" content=\"article\" \/>\n<meta property=\"og:title\" content=\"Historique - RESEAU MARP Burkina\" \/>\n<meta property=\"og:description\" content=\"Le R\u00e9seau pour le d\u00e9veloppement et la promotion des M\u00e9thodes Actives de Recherche et de Planification participative au Burkina Faso &hellip;\" \/>\n<meta property=\"og:url\" content=\"https:\/\/reseaumarpbf.net\/?page_id=56\" \/>\n<meta property=\"og:site_name\" content=\"RESEAU MARP Burkina\" \/>\n<meta property=\"article:modified_time\" content=\"2022-03-08T00:56:42+00:00\" \/>\n<meta name=\"twitter:label1\" content=\"Dur\u00e9e de lecture estim\u00e9e\" \/>\n\t<meta name=\"twitter:data1\" content=\"1 minute\" \/>\n<script type=\"application\/ld+json\" class=\"yoast-schema-graph\">{\"@context\":\"https:\/\/schema.org\",\"@graph\":[{\"@type\":\"WebPage\",\"@id\":\"https:\/\/reseaumarpbf.net\/?page_id=56\",\"url\":\"https:\/\/reseaumarpbf.net\/?page_id=56\",\"name\":\"Historique - RESEAU MARP Burkina\",\"isPartOf\":{\"@id\":\"https:\/\/reseaumarpbf.net\/#website\"},\"datePublished\":\"2021-09-17T10:46:18+00:00\",\"dateModified\":\"2022-03-08T00:56:42+00:00\",\"inLanguage\":\"fr-FR\",\"potentialAction\":[{\"@type\":\"ReadAction\",\"target\":[\"https:\/\/reseaumarpbf.net\/?page_id=56\"]}]},{\"@type\":\"WebSite\",\"@id\":\"https:\/\/reseaumarpbf.net\/#website\",\"url\":\"https:\/\/reseaumarpbf.net\/\",\"name\":\"RESEAU MARP Burkina\",\"description\":\"\",\"potentialAction\":[{\"@type\":\"SearchAction\",\"target\":{\"@type\":\"EntryPoint\",\"urlTemplate\":\"https:\/\/reseaumarpbf.net\/?s={search_term_string}\"},\"query-input\":{\"@type\":\"PropertyValueSpecification\",\"valueRequired\":true,\"valueName\":\"search_term_string\"}}],\"inLanguage\":\"fr-FR\"}]}<\/script>\n<!-- \/ Yoast SEO plugin. -->","yoast_head_json":{"title":"Historique - RESEAU MARP Burkina","robots":{"index":"index","follow":"follow","max-snippet":"max-snippet:-1","max-image-preview":"max-image-preview:large","max-video-preview":"max-video-preview:-1"},"canonical":"https:\/\/reseaumarpbf.net\/?page_id=56","og_locale":"fr_FR","og_type":"article","og_title":"Historique - RESEAU MARP Burkina","og_description":"Le R\u00e9seau pour le d\u00e9veloppement et la promotion des M\u00e9thodes Actives de Recherche et de Planification participative au Burkina Faso &hellip;","og_url":"https:\/\/reseaumarpbf.net\/?page_id=56","og_site_name":"RESEAU MARP Burkina","article_modified_time":"2022-03-08T00:56:42+00:00","twitter_misc":{"Dur\u00e9e de lecture estim\u00e9e":"1 minute"},"schema":{"@context":"https:\/\/schema.org","@graph":[{"@type":"WebPage","@id":"https:\/\/reseaumarpbf.net\/?page_id=56","url":"https:\/\/reseaumarpbf.net\/?page_id=56","name":"Historique - RESEAU MARP Burkina","isPartOf":{"@id":"https:\/\/reseaumarpbf.net\/#website"},"datePublished":"2021-09-17T10:46:18+00:00","dateModified":"2022-03-08T00:56:42+00:00","inLanguage":"fr-FR","potentialAction":[{"@type":"ReadAction","target":["https:\/\/reseaumarpbf.net\/?page_id=56"]}]},{"@type":"WebSite","@id":"https:\/\/reseaumarpbf.net\/#website","url":"https:\/\/reseaumarpbf.net\/","name":"RESEAU MARP Burkina","description":"","potentialAction":[{"@type":"SearchAction","target":{"@type":"EntryPoint","urlTemplate":"https:\/\/reseaumarpbf.net\/?s={search_term_string}"},"query-input":{"@type":"PropertyValueSpecification","valueRequired":true,"valueName":"search_term_string"}}],"inLanguage":"fr-FR"}]}},"_links":{"self":[{"href":"https:\/\/reseaumarpbf.net\/index.php?rest_route=\/wp\/v2\/pages\/56","targetHints":{"allow":["GET"]}}],"collection":[{"href":"https:\/\/reseaumarpbf.net\/index.php?rest_route=\/wp\/v2\/pages"}],"about":[{"href":"https:\/\/reseaumarpbf.net\/index.php?rest_route=\/wp\/v2\/types\/page"}],"author":[{"embeddable":true,"href":"https:\/\/reseaumarpbf.net\/index.php?rest_route=\/wp\/v2\/users\/1"}],"replies":[{"embeddable":true,"href":"https:\/\/reseaumarpbf.net\/index.php?rest_route=%2Fwp%2Fv2%2Fcomments&post=56"}],"version-history":[{"count":5,"href":"https:\/\/reseaumarpbf.net\/index.php?rest_route=\/wp\/v2\/pages\/56\/revisions"}],"predecessor-version":[{"id":295,"href":"https:\/\/reseaumarpbf.net\/index.php?rest_route=\/wp\/v2\/pages\/56\/revisions\/295"}],"wp:attachment":[{"href":"https:\/\/reseaumarpbf.net\/index.php?rest_route=%2Fwp%2Fv2%2Fmedia&parent=56"}],"curies":[{"name":"wp","href":"https:\/\/api.w.org\/{rel}","templated":true}]}}