{"id":60,"date":"2021-09-17T11:50:24","date_gmt":"2021-09-17T10:50:24","guid":{"rendered":"https:\/\/reseaumarpbf.net\/?page_id=60"},"modified":"2022-03-02T12:19:02","modified_gmt":"2022-03-02T12:19:02","slug":"mission","status":"publish","type":"page","link":"https:\/\/reseaumarpbf.net\/?page_id=60","title":{"rendered":"Vision &#038; Mission"},"content":{"rendered":"<p><strong><u>Vision<\/u><\/strong><\/p>\n<p>La vision du R\u00e9seau MARP Burkina est formul\u00e9e comme suite\u00a0: <strong>\u00ab\u00a0une communaut\u00e9 b\u00e2tit son mieux \u00eatre par la participation active de tous ses membres\u00a0\u00bb<\/strong><\/p>\n<p>Cette vision part du fait qu\u2019aucun d\u00e9veloppement coh\u00e9rent, aucun bien \u00eatre ne peut se construire sans l\u2019implication totale du principal acteur ou partie prenante. Le r\u00eave du R\u00e9seau MARP Burkina est de parvenir \u00e0 un \u00e9tat o\u00f9 les communaut\u00e9s prennent en main de fa\u00e7on consciente, volontaire, responsable, et engag\u00e9e la construction de leur devenir ; que tous les acteurs externes aux communaut\u00e9s qui sont engag\u00e9s, le soient \u00e0 leurs c\u00f4t\u00e9s pour les accompagner et faire avec eux, et non pour imposer leurs dogmes, leurs propres visions, leurs cultures, leurs normes, etc. ; que les changements soient soutenus par le partage et l\u2019accueil conscient de celui qui re\u00e7oit.<\/p>\n<p><strong><u>Mission<\/u><\/strong><\/p>\n<p>La mission ou raison d\u2019\u00eatre du R\u00e9seau MARP Burkina est de \u00ab\u00a0<strong>promouvoir la\u00a0 participation\u00a0 et assurer son int\u00e9gration qualitative dans les actions de d\u00e9veloppement\u00a0<\/strong>\u00bb. La participation est entendue comme participation totale et active<\/p>\n<p>La mission est donc de d\u00e9velopper et am\u00e9liorer les approches participatives, de les diffuser, d\u2019assurer leur utilisation qualitative, de capitaliser les bonnes pratiques et de veiller \u00e0 adapter les m\u00e9thodes et outils \u00e0 l\u2019\u00e9volution des contextes. Il a opt\u00e9 de le faire de plusieurs mani\u00e8res, et c\u2019est ce qui justifie la diversit\u00e9 de son champ d\u2019action.<\/p>\n","protected":false},"excerpt":{"rendered":"<p>Vision La vision du R\u00e9seau MARP Burkina est formul\u00e9e comme suite\u00a0: \u00ab\u00a0une communaut\u00e9 b\u00e2tit son mieux \u00eatre par la participation &hellip; <\/p>\n","protected":false},"author":1,"featured_media":0,"parent":0,"menu_order":0,"comment_status":"closed","ping_status":"closed","template":"","meta":{"footnotes":""},"class_list":["post-60","page","type-page","status-publish","hentry"],"yoast_head":"<!-- This site is optimized with the Yoast SEO plugin v24.9 - https:\/\/yoast.com\/wordpress\/plugins\/seo\/ -->\n<title>Vision &amp; Mission - RESEAU MARP Burkina<\/title>\n<meta name=\"robots\" content=\"index, follow, max-snippet:-1, max-image-preview:large, max-video-preview:-1\" \/>\n<link rel=\"canonical\" href=\"https:\/\/reseaumarpbf.net\/?page_id=60\" \/>\n<meta property=\"og:locale\" content=\"fr_FR\" \/>\n<meta property=\"og:type\" content=\"article\" \/>\n<meta property=\"og:title\" content=\"Vision &amp; Mission - RESEAU MARP Burkina\" \/>\n<meta property=\"og:description\" content=\"Vision La vision du R\u00e9seau MARP Burkina est formul\u00e9e comme suite\u00a0: \u00ab\u00a0une communaut\u00e9 b\u00e2tit son mieux \u00eatre par la participation &hellip;\" \/>\n<meta property=\"og:url\" content=\"https:\/\/reseaumarpbf.net\/?page_id=60\" \/>\n<meta property=\"og:site_name\" content=\"RESEAU MARP Burkina\" \/>\n<meta property=\"article:modified_time\" content=\"2022-03-02T12:19:02+00:00\" \/>\n<meta name=\"twitter:label1\" content=\"Dur\u00e9e de lecture estim\u00e9e\" \/>\n\t<meta name=\"twitter:data1\" content=\"1 minute\" \/>\n<script type=\"application\/ld+json\" class=\"yoast-schema-graph\">{\"@context\":\"https:\/\/schema.org\",\"@graph\":[{\"@type\":\"WebPage\",\"@id\":\"https:\/\/reseaumarpbf.net\/?page_id=60\",\"url\":\"https:\/\/reseaumarpbf.net\/?page_id=60\",\"name\":\"Vision & Mission - RESEAU MARP Burkina\",\"isPartOf\":{\"@id\":\"https:\/\/reseaumarpbf.net\/#website\"},\"datePublished\":\"2021-09-17T10:50:24+00:00\",\"dateModified\":\"2022-03-02T12:19:02+00:00\",\"inLanguage\":\"fr-FR\",\"potentialAction\":[{\"@type\":\"ReadAction\",\"target\":[\"https:\/\/reseaumarpbf.net\/?page_id=60\"]}]},{\"@type\":\"WebSite\",\"@id\":\"https:\/\/reseaumarpbf.net\/#website\",\"url\":\"https:\/\/reseaumarpbf.net\/\",\"name\":\"RESEAU MARP Burkina\",\"description\":\"\",\"potentialAction\":[{\"@type\":\"SearchAction\",\"target\":{\"@type\":\"EntryPoint\",\"urlTemplate\":\"https:\/\/reseaumarpbf.net\/?s={search_term_string}\"},\"query-input\":{\"@type\":\"PropertyValueSpecification\",\"valueRequired\":true,\"valueName\":\"search_term_string\"}}],\"inLanguage\":\"fr-FR\"}]}<\/script>\n<!-- \/ Yoast SEO plugin. -->","yoast_head_json":{"title":"Vision & Mission - RESEAU MARP Burkina","robots":{"index":"index","follow":"follow","max-snippet":"max-snippet:-1","max-image-preview":"max-image-preview:large","max-video-preview":"max-video-preview:-1"},"canonical":"https:\/\/reseaumarpbf.net\/?page_id=60","og_locale":"fr_FR","og_type":"article","og_title":"Vision & Mission - RESEAU MARP Burkina","og_description":"Vision La vision du R\u00e9seau MARP Burkina est formul\u00e9e comme suite\u00a0: \u00ab\u00a0une communaut\u00e9 b\u00e2tit son mieux \u00eatre par la participation &hellip;","og_url":"https:\/\/reseaumarpbf.net\/?page_id=60","og_site_name":"RESEAU MARP Burkina","article_modified_time":"2022-03-02T12:19:02+00:00","twitter_misc":{"Dur\u00e9e de lecture estim\u00e9e":"1 minute"},"schema":{"@context":"https:\/\/schema.org","@graph":[{"@type":"WebPage","@id":"https:\/\/reseaumarpbf.net\/?page_id=60","url":"https:\/\/reseaumarpbf.net\/?page_id=60","name":"Vision & Mission - RESEAU MARP Burkina","isPartOf":{"@id":"https:\/\/reseaumarpbf.net\/#website"},"datePublished":"2021-09-17T10:50:24+00:00","dateModified":"2022-03-02T12:19:02+00:00","inLanguage":"fr-FR","potentialAction":[{"@type":"ReadAction","target":["https:\/\/reseaumarpbf.net\/?page_id=60"]}]},{"@type":"WebSite","@id":"https:\/\/reseaumarpbf.net\/#website","url":"https:\/\/reseaumarpbf.net\/","name":"RESEAU MARP Burkina","description":"","potentialAction":[{"@type":"SearchAction","target":{"@type":"EntryPoint","urlTemplate":"https:\/\/reseaumarpbf.net\/?s={search_term_string}"},"query-input":{"@type":"PropertyValueSpecification","valueRequired":true,"valueName":"search_term_string"}}],"inLanguage":"fr-FR"}]}},"_links":{"self":[{"href":"https:\/\/reseaumarpbf.net\/index.php?rest_route=\/wp\/v2\/pages\/60","targetHints":{"allow":["GET"]}}],"collection":[{"href":"https:\/\/reseaumarpbf.net\/index.php?rest_route=\/wp\/v2\/pages"}],"about":[{"href":"https:\/\/reseaumarpbf.net\/index.php?rest_route=\/wp\/v2\/types\/page"}],"author":[{"embeddable":true,"href":"https:\/\/reseaumarpbf.net\/index.php?rest_route=\/wp\/v2\/users\/1"}],"replies":[{"embeddable":true,"href":"https:\/\/reseaumarpbf.net\/index.php?rest_route=%2Fwp%2Fv2%2Fcomments&post=60"}],"version-history":[{"count":5,"href":"https:\/\/reseaumarpbf.net\/index.php?rest_route=\/wp\/v2\/pages\/60\/revisions"}],"predecessor-version":[{"id":290,"href":"https:\/\/reseaumarpbf.net\/index.php?rest_route=\/wp\/v2\/pages\/60\/revisions\/290"}],"wp:attachment":[{"href":"https:\/\/reseaumarpbf.net\/index.php?rest_route=%2Fwp%2Fv2%2Fmedia&parent=60"}],"curies":[{"name":"wp","href":"https:\/\/api.w.org\/{rel}","templated":true}]}}