{"id":66,"date":"2021-09-17T11:51:58","date_gmt":"2021-09-17T10:51:58","guid":{"rendered":"https:\/\/reseaumarpbf.net\/?page_id=66"},"modified":"2022-03-02T12:03:38","modified_gmt":"2022-03-02T12:03:38","slug":"objectifs","status":"publish","type":"page","link":"https:\/\/reseaumarpbf.net\/?page_id=66","title":{"rendered":"Objectifs"},"content":{"rendered":"<p style=\"text-align: justify;\"><strong>Les objectifs poursuivis se r\u00e9sument comme suit\u00a0:<\/strong><\/p>\n<ul>\n<li style=\"text-align: justify;\">Promouvoir et animer des \u00e9changes d\u2019exp\u00e9riences en mati\u00e8re de mise en \u0153uvre d\u2019approches participatives, et assurer leur capitalisation\/diffusion\u00a0;<\/li>\n<li style=\"text-align: justify;\">Promouvoir et diffuser des m\u00e9thodes et outils ad\u00e9quats qui favorisent une participation citoyenne des populations aux actions de d\u00e9veloppement local\u00a0;<\/li>\n<li style=\"text-align: justify;\">D\u00e9velopper des strat\u00e9gies de transfert de m\u00e9thodes et outils appropri\u00e9s qui valorisent au mieux les comp\u00e9tences et savoir-faire des communaut\u00e9s\u00a0;<\/li>\n<li style=\"text-align: justify;\">Renforcer les capacit\u00e9s techniques et m\u00e9thodologiques des institutions (services techniques de l\u2019Etat, collectivit\u00e9s, projets, ONG, etc.) et organisations de base \u00e0 initier et animer des programmes de d\u00e9veloppement participatif.<\/li>\n<li style=\"text-align: justify;\">D\u00e9velopper des initiatives en partenariat avec des Organismes du Sud comme du Nord afin d\u2019assurer de meilleures conditions de vie \u00e0 la population.<\/li>\n<\/ul>\n","protected":false},"excerpt":{"rendered":"<p>Les objectifs poursuivis se r\u00e9sument comme suit\u00a0: Promouvoir et animer des \u00e9changes d\u2019exp\u00e9riences en mati\u00e8re de mise en \u0153uvre d\u2019approches &hellip; <\/p>\n","protected":false},"author":1,"featured_media":0,"parent":0,"menu_order":0,"comment_status":"closed","ping_status":"closed","template":"","meta":{"footnotes":""},"class_list":["post-66","page","type-page","status-publish","hentry"],"yoast_head":"<!-- This site is optimized with the Yoast SEO plugin v24.9 - https:\/\/yoast.com\/wordpress\/plugins\/seo\/ -->\n<title>Objectifs - RESEAU MARP Burkina<\/title>\n<meta name=\"robots\" content=\"index, follow, max-snippet:-1, max-image-preview:large, max-video-preview:-1\" \/>\n<link rel=\"canonical\" href=\"https:\/\/reseaumarpbf.net\/?page_id=66\" \/>\n<meta property=\"og:locale\" content=\"fr_FR\" \/>\n<meta property=\"og:type\" content=\"article\" \/>\n<meta property=\"og:title\" content=\"Objectifs - RESEAU MARP Burkina\" \/>\n<meta property=\"og:description\" content=\"Les objectifs poursuivis se r\u00e9sument comme suit\u00a0: Promouvoir et animer des \u00e9changes d\u2019exp\u00e9riences en mati\u00e8re de mise en \u0153uvre d\u2019approches &hellip;\" \/>\n<meta property=\"og:url\" content=\"https:\/\/reseaumarpbf.net\/?page_id=66\" \/>\n<meta property=\"og:site_name\" content=\"RESEAU MARP Burkina\" \/>\n<meta property=\"article:modified_time\" content=\"2022-03-02T12:03:38+00:00\" \/>\n<meta name=\"twitter:label1\" content=\"Dur\u00e9e de lecture estim\u00e9e\" \/>\n\t<meta name=\"twitter:data1\" content=\"1 minute\" \/>\n<script type=\"application\/ld+json\" class=\"yoast-schema-graph\">{\"@context\":\"https:\/\/schema.org\",\"@graph\":[{\"@type\":\"WebPage\",\"@id\":\"https:\/\/reseaumarpbf.net\/?page_id=66\",\"url\":\"https:\/\/reseaumarpbf.net\/?page_id=66\",\"name\":\"Objectifs - RESEAU MARP Burkina\",\"isPartOf\":{\"@id\":\"https:\/\/reseaumarpbf.net\/#website\"},\"datePublished\":\"2021-09-17T10:51:58+00:00\",\"dateModified\":\"2022-03-02T12:03:38+00:00\",\"inLanguage\":\"fr-FR\",\"potentialAction\":[{\"@type\":\"ReadAction\",\"target\":[\"https:\/\/reseaumarpbf.net\/?page_id=66\"]}]},{\"@type\":\"WebSite\",\"@id\":\"https:\/\/reseaumarpbf.net\/#website\",\"url\":\"https:\/\/reseaumarpbf.net\/\",\"name\":\"RESEAU MARP Burkina\",\"description\":\"\",\"potentialAction\":[{\"@type\":\"SearchAction\",\"target\":{\"@type\":\"EntryPoint\",\"urlTemplate\":\"https:\/\/reseaumarpbf.net\/?s={search_term_string}\"},\"query-input\":{\"@type\":\"PropertyValueSpecification\",\"valueRequired\":true,\"valueName\":\"search_term_string\"}}],\"inLanguage\":\"fr-FR\"}]}<\/script>\n<!-- \/ Yoast SEO plugin. -->","yoast_head_json":{"title":"Objectifs - RESEAU MARP Burkina","robots":{"index":"index","follow":"follow","max-snippet":"max-snippet:-1","max-image-preview":"max-image-preview:large","max-video-preview":"max-video-preview:-1"},"canonical":"https:\/\/reseaumarpbf.net\/?page_id=66","og_locale":"fr_FR","og_type":"article","og_title":"Objectifs - RESEAU MARP Burkina","og_description":"Les objectifs poursuivis se r\u00e9sument comme suit\u00a0: Promouvoir et animer des \u00e9changes d\u2019exp\u00e9riences en mati\u00e8re de mise en \u0153uvre d\u2019approches &hellip;","og_url":"https:\/\/reseaumarpbf.net\/?page_id=66","og_site_name":"RESEAU MARP Burkina","article_modified_time":"2022-03-02T12:03:38+00:00","twitter_misc":{"Dur\u00e9e de lecture estim\u00e9e":"1 minute"},"schema":{"@context":"https:\/\/schema.org","@graph":[{"@type":"WebPage","@id":"https:\/\/reseaumarpbf.net\/?page_id=66","url":"https:\/\/reseaumarpbf.net\/?page_id=66","name":"Objectifs - RESEAU MARP Burkina","isPartOf":{"@id":"https:\/\/reseaumarpbf.net\/#website"},"datePublished":"2021-09-17T10:51:58+00:00","dateModified":"2022-03-02T12:03:38+00:00","inLanguage":"fr-FR","potentialAction":[{"@type":"ReadAction","target":["https:\/\/reseaumarpbf.net\/?page_id=66"]}]},{"@type":"WebSite","@id":"https:\/\/reseaumarpbf.net\/#website","url":"https:\/\/reseaumarpbf.net\/","name":"RESEAU MARP Burkina","description":"","potentialAction":[{"@type":"SearchAction","target":{"@type":"EntryPoint","urlTemplate":"https:\/\/reseaumarpbf.net\/?s={search_term_string}"},"query-input":{"@type":"PropertyValueSpecification","valueRequired":true,"valueName":"search_term_string"}}],"inLanguage":"fr-FR"}]}},"_links":{"self":[{"href":"https:\/\/reseaumarpbf.net\/index.php?rest_route=\/wp\/v2\/pages\/66","targetHints":{"allow":["GET"]}}],"collection":[{"href":"https:\/\/reseaumarpbf.net\/index.php?rest_route=\/wp\/v2\/pages"}],"about":[{"href":"https:\/\/reseaumarpbf.net\/index.php?rest_route=\/wp\/v2\/types\/page"}],"author":[{"embeddable":true,"href":"https:\/\/reseaumarpbf.net\/index.php?rest_route=\/wp\/v2\/users\/1"}],"replies":[{"embeddable":true,"href":"https:\/\/reseaumarpbf.net\/index.php?rest_route=%2Fwp%2Fv2%2Fcomments&post=66"}],"version-history":[{"count":2,"href":"https:\/\/reseaumarpbf.net\/index.php?rest_route=\/wp\/v2\/pages\/66\/revisions"}],"predecessor-version":[{"id":80,"href":"https:\/\/reseaumarpbf.net\/index.php?rest_route=\/wp\/v2\/pages\/66\/revisions\/80"}],"wp:attachment":[{"href":"https:\/\/reseaumarpbf.net\/index.php?rest_route=%2Fwp%2Fv2%2Fmedia&parent=66"}],"curies":[{"name":"wp","href":"https:\/\/api.w.org\/{rel}","templated":true}]}}